{"id":470,"date":"2026-03-05T06:47:15","date_gmt":"2026-03-05T06:47:15","guid":{"rendered":"https:\/\/bambc.biz\/wordpress\/?page_id=470"},"modified":"2026-03-07T05:59:32","modified_gmt":"2026-03-07T05:59:32","slug":"credenciais-e-meritos","status":"publish","type":"page","link":"https:\/\/bambc.biz\/wordpress\/pt\/credenciais-e-meritos\/","title":{"rendered":"Credenciais e m\u00e9ritos"},"content":{"rendered":"\n<p>Seguem algumas das credenciais e m\u00e9ritos formais que obtive ao longo da minha forma\u00e7\u00e3o acad\u00eamica e profissional.<\/p>\n\n\n\n<h2 class=\"wp-block-heading\">Educa\u00e7\u00e3o:<\/h2>\n\n\n\n<p>UC Berkeley, BA Ret\u00f3rica<\/p>\n\n\n\n<p>UCLA Anderson School of Management, MBA Dupla especializa\u00e7\u00e3o em Desenvolvimento de Lideran\u00e7a e Impacto Social<\/p>\n\n\n\n<p><\/p>\n\n\n\n<h2 class=\"wp-block-heading\">Treinamento:<\/h2>\n\n\n\n<p>Certifica\u00e7\u00e3o Profissional em Ci\u00eancia de Dados da IBM 2018<\/p>\n\n\n\n<p>Curso de 8 semanas de Redu\u00e7\u00e3o do Estresse Baseada em Mindfulness (MBSR) 2020<\/p>\n\n\n\n<p>Curso de 8 semanas de Autocompaix\u00e3o Consciente (MSC) 2022<\/p>\n\n\n\n<p>Coaching de Aplica\u00e7\u00f5es de Neg\u00f3cios para L\u00edderes com a Axialent 2022<\/p>\n\n\n\n<p>Sprint de Coaching de Aplica\u00e7\u00f5es de Neg\u00f3cios com a Axialent 2023<\/p>\n\n\n\n<p>Transforma\u00e7\u00e3o Corporal com o Instituto Strozzi de Som\u00e1tica 2023<\/p>\n\n\n\n<p>Programa de Coaching Som\u00e1tico do Instituto Strozzi (n\u00edvel ICF-PCC) com o Instituto Strozzi de Som\u00e1tica 2023-2024<\/p>\n\n\n\n<p>Trabalho Corporal Som\u00e1tico N\u00edvel 1 com o Instituto Strozzi de Som\u00e1tica 2025<\/p>\n\n\n\n<p>Treinamento de Treinadores com o Instituto Strozzi de Som\u00e1tica 2025-2026<\/p>\n\n\n\n<p><\/p>\n\n\n\n<h2 class=\"wp-block-heading\">Confer\u00eancias:<\/h2>\n\n\n\n<p>S\u00e9rie de palestras Sabedoria do Trauma, organizada por TheWisdomOfTrauma.com e Science and Non-Duality, Junho de 2021<br>S\u00e9rie Semana de Reconex\u00e3o de Relacionamentos, organizada por Embodiment Unlimited, Julho de 2021<br>Festival da Incorpora\u00e7\u00e3o, organizado por Embodiment Unlimited, Janeiro de 2023<br>C\u00fapula Mundial Estados Expandidos de Consci\u00eancia, organizada pelo Heart Mind Institute, Abril de 2023<br>S\u00e9rie C\u00fapula de Autocuidado, organizada pelo Heart Mind Institute, Maio de 2023<br>C\u00fapula Compaix\u00e3o na Terapia, organizada pela The Awake Network, Junho de 2023<br>C\u00fapula Criando Bons Seres Humanos, organizada pela HarperCollins Publishers, Julho de 2023<br>Superconfer\u00eancia sobre Trauma, organizada pela Conscious Life, Setembro de 2023<br>Superconfer\u00eancia Reiniciar o Sistema Nervoso, organizada pela Conscious Life, 2023<\/p>\n\n\n\n<p><\/p>\n\n\n\n<h2 class=\"wp-block-heading\">Distin\u00e7\u00f5es e Pr\u00eamios:<\/h2>\n\n\n\n<p>UCLA Anderson<\/p>\n\n\n\n<p>-Pr\u00eamio Jenessa Shapiro de Excel\u00eancia em Desenvolvimento de Lideran\u00e7a<\/p>\n\n\n\n<p>-Sociedade de Honra do MBA (entre os 15% melhores)<\/p>\n\n\n\n<p>-Bolsa de M\u00e9rito do Decano<\/p>\n\n\n\n<p>-Duas vezes contemplada com a Bolsa de Gest\u00e3o Johnson &amp; Johnson com o Price Center for Entrepreneurship<\/p>\n\n\n\n<p>-2\u00ba lugar no Desafio de Consultoria Net Impact<\/p>\n\n\n\n<p>-Painel de L\u00edderes Estudantis da Semana de Impacto<\/p>\n\n\n\n<p>-Semifinalista na Competi\u00e7\u00e3o de Estudos de Caso em Sa\u00fade Kellogg da Northwestern<\/p>\n\n\n\n<p><\/p>\n\n\n\n<div class=\"wp-block-buttons is-layout-flex wp-block-buttons-is-layout-flex\">\n<div class=\"wp-block-button\"><a class=\"wp-block-button__link has-background wp-element-button\" href=\"http:\/\/calendly.com\/bambc\" style=\"background-color:#015012\">Agenda consulta gr\u00e1tis aqui<\/a><\/div>\n<\/div>\n\n\n\n<div class=\"wp-block-buttons is-layout-flex wp-block-buttons-is-layout-flex\">\n<div class=\"wp-block-button\"><a class=\"wp-block-button__link has-background wp-element-button\" href=\"https:\/\/bambc.biz\/wordpress\/pt\/servicos\" style=\"background-color:#b62e01\">Servi\u00e7os<\/a><\/div>\n<\/div>\n\n\n\n<p><\/p>\n","protected":false},"excerpt":{"rendered":"<p>Seguem algumas das credenciais e m\u00e9ritos formais que obtive ao longo da minha forma\u00e7\u00e3o acad\u00eamica e profissional. Educa\u00e7\u00e3o: UC Berkeley, BA Ret\u00f3rica UCLA Anderson School of Management, MBA Dupla especializa\u00e7\u00e3o em Desenvolvimento de Lideran\u00e7a e Impacto Social Treinamento: Certifica\u00e7\u00e3o Profissional em Ci\u00eancia de Dados da IBM 2018 Curso de 8 semanas de Redu\u00e7\u00e3o do Estresse [&hellip;]<\/p>\n","protected":false},"author":1,"featured_media":0,"parent":0,"menu_order":0,"comment_status":"closed","ping_status":"closed","template":"","meta":{"footnotes":""},"class_list":["post-470","page","type-page","status-publish","hentry"],"yoast_head":"<!-- This site is optimized with the Yoast SEO plugin v27.4 - https:\/\/yoast.com\/product\/yoast-seo-wordpress\/ -->\n<title>Credenciais e m\u00e9ritos - BAMBC - Body and Mind Based Coaching<\/title>\n<meta name=\"description\" content=\"Apresento aqui as credenciais e m\u00e9ritos que acumulei ao longo da minha carreira, educa\u00e7\u00e3o e treinamento.\" \/>\n<meta name=\"robots\" content=\"index, follow, max-snippet:-1, max-image-preview:large, max-video-preview:-1\" \/>\n<link rel=\"canonical\" href=\"https:\/\/bambc.biz\/wordpress\/pt\/credenciais-e-meritos\/\" \/>\n<meta property=\"og:locale\" content=\"en_US\" \/>\n<meta property=\"og:type\" content=\"article\" \/>\n<meta property=\"og:title\" content=\"Credenciais e m\u00e9ritos - BAMBC - Body and Mind Based Coaching\" \/>\n<meta property=\"og:description\" content=\"Apresento aqui as credenciais e m\u00e9ritos que acumulei ao longo da minha carreira, educa\u00e7\u00e3o e treinamento.\" \/>\n<meta property=\"og:url\" content=\"https:\/\/bambc.biz\/wordpress\/pt\/credenciais-e-meritos\/\" \/>\n<meta property=\"og:site_name\" content=\"BAMBC - Body and Mind Based Coaching\" \/>\n<meta property=\"article:modified_time\" content=\"2026-03-07T05:59:32+00:00\" \/>\n<meta name=\"twitter:card\" content=\"summary_large_image\" \/>\n<meta name=\"twitter:label1\" content=\"Est. reading time\" \/>\n\t<meta name=\"twitter:data1\" content=\"2 minutes\" \/>\n<script type=\"application\/ld+json\" class=\"yoast-schema-graph\">{\"@context\":\"https:\\\/\\\/schema.org\",\"@graph\":[{\"@type\":\"WebPage\",\"@id\":\"https:\\\/\\\/bambc.biz\\\/wordpress\\\/pt\\\/credenciais-e-meritos\\\/\",\"url\":\"https:\\\/\\\/bambc.biz\\\/wordpress\\\/pt\\\/credenciais-e-meritos\\\/\",\"name\":\"Credenciais e m\u00e9ritos - BAMBC - Body and Mind Based Coaching\",\"isPartOf\":{\"@id\":\"https:\\\/\\\/bambc.biz\\\/wordpress\\\/#website\"},\"datePublished\":\"2026-03-05T06:47:15+00:00\",\"dateModified\":\"2026-03-07T05:59:32+00:00\",\"description\":\"Apresento aqui as credenciais e m\u00e9ritos que acumulei ao longo da minha carreira, educa\u00e7\u00e3o e treinamento.\",\"breadcrumb\":{\"@id\":\"https:\\\/\\\/bambc.biz\\\/wordpress\\\/pt\\\/credenciais-e-meritos\\\/#breadcrumb\"},\"inLanguage\":\"en-US\",\"potentialAction\":[{\"@type\":\"ReadAction\",\"target\":[\"https:\\\/\\\/bambc.biz\\\/wordpress\\\/pt\\\/credenciais-e-meritos\\\/\"]}]},{\"@type\":\"BreadcrumbList\",\"@id\":\"https:\\\/\\\/bambc.biz\\\/wordpress\\\/pt\\\/credenciais-e-meritos\\\/#breadcrumb\",\"itemListElement\":[{\"@type\":\"ListItem\",\"position\":1,\"name\":\"Home\",\"item\":\"https:\\\/\\\/bambc.biz\\\/wordpress\\\/\"},{\"@type\":\"ListItem\",\"position\":2,\"name\":\"Credenciais e m\u00e9ritos\"}]},{\"@type\":\"WebSite\",\"@id\":\"https:\\\/\\\/bambc.biz\\\/wordpress\\\/#website\",\"url\":\"https:\\\/\\\/bambc.biz\\\/wordpress\\\/\",\"name\":\"BAMBC - Body and Mind Based Coaching\",\"description\":\"Somatic coaching for leadership, life, and business\",\"potentialAction\":[{\"@type\":\"SearchAction\",\"target\":{\"@type\":\"EntryPoint\",\"urlTemplate\":\"https:\\\/\\\/bambc.biz\\\/wordpress\\\/?s={search_term_string}\"},\"query-input\":{\"@type\":\"PropertyValueSpecification\",\"valueRequired\":true,\"valueName\":\"search_term_string\"}}],\"inLanguage\":\"en-US\"}]}<\/script>\n<!-- \/ Yoast SEO plugin. -->","yoast_head_json":{"title":"Credenciais e m\u00e9ritos - BAMBC - Body and Mind Based Coaching","description":"Apresento aqui as credenciais e m\u00e9ritos que acumulei ao longo da minha carreira, educa\u00e7\u00e3o e treinamento.","robots":{"index":"index","follow":"follow","max-snippet":"max-snippet:-1","max-image-preview":"max-image-preview:large","max-video-preview":"max-video-preview:-1"},"canonical":"https:\/\/bambc.biz\/wordpress\/pt\/credenciais-e-meritos\/","og_locale":"en_US","og_type":"article","og_title":"Credenciais e m\u00e9ritos - BAMBC - Body and Mind Based Coaching","og_description":"Apresento aqui as credenciais e m\u00e9ritos que acumulei ao longo da minha carreira, educa\u00e7\u00e3o e treinamento.","og_url":"https:\/\/bambc.biz\/wordpress\/pt\/credenciais-e-meritos\/","og_site_name":"BAMBC - Body and Mind Based Coaching","article_modified_time":"2026-03-07T05:59:32+00:00","twitter_card":"summary_large_image","twitter_misc":{"Est. reading time":"2 minutes"},"schema":{"@context":"https:\/\/schema.org","@graph":[{"@type":"WebPage","@id":"https:\/\/bambc.biz\/wordpress\/pt\/credenciais-e-meritos\/","url":"https:\/\/bambc.biz\/wordpress\/pt\/credenciais-e-meritos\/","name":"Credenciais e m\u00e9ritos - BAMBC - Body and Mind Based Coaching","isPartOf":{"@id":"https:\/\/bambc.biz\/wordpress\/#website"},"datePublished":"2026-03-05T06:47:15+00:00","dateModified":"2026-03-07T05:59:32+00:00","description":"Apresento aqui as credenciais e m\u00e9ritos que acumulei ao longo da minha carreira, educa\u00e7\u00e3o e treinamento.","breadcrumb":{"@id":"https:\/\/bambc.biz\/wordpress\/pt\/credenciais-e-meritos\/#breadcrumb"},"inLanguage":"en-US","potentialAction":[{"@type":"ReadAction","target":["https:\/\/bambc.biz\/wordpress\/pt\/credenciais-e-meritos\/"]}]},{"@type":"BreadcrumbList","@id":"https:\/\/bambc.biz\/wordpress\/pt\/credenciais-e-meritos\/#breadcrumb","itemListElement":[{"@type":"ListItem","position":1,"name":"Home","item":"https:\/\/bambc.biz\/wordpress\/"},{"@type":"ListItem","position":2,"name":"Credenciais e m\u00e9ritos"}]},{"@type":"WebSite","@id":"https:\/\/bambc.biz\/wordpress\/#website","url":"https:\/\/bambc.biz\/wordpress\/","name":"BAMBC - Body and Mind Based Coaching","description":"Somatic coaching for leadership, life, and business","potentialAction":[{"@type":"SearchAction","target":{"@type":"EntryPoint","urlTemplate":"https:\/\/bambc.biz\/wordpress\/?s={search_term_string}"},"query-input":{"@type":"PropertyValueSpecification","valueRequired":true,"valueName":"search_term_string"}}],"inLanguage":"en-US"}]}},"jetpack_sharing_enabled":true,"_links":{"self":[{"href":"https:\/\/bambc.biz\/wordpress\/wp-json\/wp\/v2\/pages\/470","targetHints":{"allow":["GET"]}}],"collection":[{"href":"https:\/\/bambc.biz\/wordpress\/wp-json\/wp\/v2\/pages"}],"about":[{"href":"https:\/\/bambc.biz\/wordpress\/wp-json\/wp\/v2\/types\/page"}],"author":[{"embeddable":true,"href":"https:\/\/bambc.biz\/wordpress\/wp-json\/wp\/v2\/users\/1"}],"replies":[{"embeddable":true,"href":"https:\/\/bambc.biz\/wordpress\/wp-json\/wp\/v2\/comments?post=470"}],"version-history":[{"count":3,"href":"https:\/\/bambc.biz\/wordpress\/wp-json\/wp\/v2\/pages\/470\/revisions"}],"predecessor-version":[{"id":519,"href":"https:\/\/bambc.biz\/wordpress\/wp-json\/wp\/v2\/pages\/470\/revisions\/519"}],"wp:attachment":[{"href":"https:\/\/bambc.biz\/wordpress\/wp-json\/wp\/v2\/media?parent=470"}],"curies":[{"name":"wp","href":"https:\/\/api.w.org\/{rel}","templated":true}]}}