{"id":403,"date":"2025-12-17T03:13:19","date_gmt":"2025-12-17T03:13:19","guid":{"rendered":"https:\/\/bambc.biz\/wordpress\/body-and-mindbasedcoaching-portugues\/"},"modified":"2026-03-07T05:54:23","modified_gmt":"2026-03-07T05:54:23","slug":"body-and-mindbasedcoaching-portugues","status":"publish","type":"page","link":"https:\/\/bambc.biz\/wordpress\/pt\/","title":{"rendered":"Body and Mind Based Coaching"},"content":{"rendered":"\n<h2 class=\"wp-block-heading\">Coaching som\u00e1tico para a vida, lideran\u00e7a e neg\u00f3cios<\/h2>\n\n\n\n<p>Enpoderando pessoas para realizar seus sonhos<\/p>\n\n\n\n<p>Qual o seu sonho?<\/p>\n\n\n\n<p><\/p>\n\n\n\n<hr class=\"wp-block-separator has-alpha-channel-opacity is-style-wide\"\/>\n\n\n\n<div class=\"wp-block-buttons is-layout-flex wp-block-buttons-is-layout-flex\">\n<div class=\"wp-block-button\"><a class=\"wp-block-button__link has-background wp-element-button\" href=\"http:\/\/calendly.com\/bambc\" style=\"background-color:#2baf28\">Agende uma consulta gr\u00e1tis aqui<\/a><\/div>\n<\/div>\n\n\n\n<div class=\"wp-block-buttons is-layout-flex wp-block-buttons-is-layout-flex\">\n<div class=\"wp-block-button\"><a class=\"wp-block-button__link has-background wp-element-button\" href=\"https:\/\/bambc.biz\/wordpress\/pt\/sobre\" style=\"background-color:#a6004b\">Aprenda mais sobre coaching som\u00e1tico aqui<\/a><\/div>\n<\/div>\n\n\n\n<div class=\"wp-block-buttons is-layout-flex wp-block-buttons-is-layout-flex\">\n<div class=\"wp-block-button\"><a class=\"wp-block-button__link has-accent-3-background-color has-background wp-element-button\" href=\"https:\/\/bambc.biz\/wordpress\/pt\/servicos\/\">Aprenda mais sobre meus servi\u00e7os aqui<\/a><\/div>\n<\/div>\n\n\n\n<hr class=\"wp-block-separator has-alpha-channel-opacity is-style-wide\"\/>\n\n\n\n<blockquote class=\"wp-block-quote is-layout-flow wp-block-quote-is-layout-flow\">\n<p class=\"has-text-align-center\">Testemunho de cliente<\/p>\n\n\n\n<p>Estou me dedicando mais \u00e0 autocompaix\u00e3o do que estava antes e tamb\u00e9m estou mais confiante na minha capacidade de buscar solu\u00e7\u00f5es dentro de mim.<\/p>\n\n\n\n<p>O Stephen \u00e9 um coach fant\u00e1stico que cria um espa\u00e7o muito seguro para o cliente expressar todos os seus pensamentos e emo\u00e7\u00f5es livremente. Ele tamb\u00e9m compreende intuitivamente a verdadeira natureza da quest\u00e3o, o que facilita um progresso mais r\u00e1pido. Recomendo muito trabalhar com o Stephen!<\/p>\n\n\n\n<p>-Anita Ramirez, Professora<\/p>\n<\/blockquote>\n\n\n\n<div class=\"wp-block-buttons is-layout-flex wp-block-buttons-is-layout-flex\">\n<div class=\"wp-block-button\"><a class=\"wp-block-button__link has-accent-3-background-color has-background wp-element-button\" href=\"http:\/\/bambc.biz\/wordpress\/pt\/testemunhos\">Veja aqui o que outras pessoas dizem sobre a experi\u00eancia de coaching som\u00e1tico com Stephen Peterson<\/a><\/div>\n<\/div>\n\n\n\n<hr class=\"wp-block-separator has-alpha-channel-opacity\"\/>\n\n\n\n<p>Uma caracter\u00edstica marcante do coaching som\u00e1tico para muitas pessoas \u00e9 a capacidade de desenvolver novas formas de ser, mesmo diante das mesmas press\u00f5es antigas que as impediam de progredir antes. O coaching som\u00e1tico \u00e9 sentido em vez de ser cogitado, devagar em vez de r\u00e1pido, e se aprofunda com a pr\u00e1tica repetida.<\/p>\n\n\n\n<figure class=\"wp-block-image size-large is-resized\"><img loading=\"lazy\" decoding=\"async\" width=\"930\" height=\"1024\" src=\"https:\/\/bambc.biz\/wordpress\/wp-content\/uploads\/2024\/10\/headshot-930x1024.jpg\" alt=\"This is a picture of Stephen Peterson, a somatic coach. Its purpose is to let people know what Stephen Peterson looks like.\" class=\"wp-image-106\" style=\"width:620px;height:auto\" srcset=\"https:\/\/bambc.biz\/wordpress\/wp-content\/uploads\/2024\/10\/headshot-930x1024.jpg 930w, https:\/\/bambc.biz\/wordpress\/wp-content\/uploads\/2024\/10\/headshot-273x300.jpg 273w, https:\/\/bambc.biz\/wordpress\/wp-content\/uploads\/2024\/10\/headshot-768x845.jpg 768w, https:\/\/bambc.biz\/wordpress\/wp-content\/uploads\/2024\/10\/headshot-1396x1536.jpg 1396w, https:\/\/bambc.biz\/wordpress\/wp-content\/uploads\/2024\/10\/headshot-600x660.jpg 600w, https:\/\/bambc.biz\/wordpress\/wp-content\/uploads\/2024\/10\/headshot.jpg 1541w\" sizes=\"auto, (max-width: 930px) 100vw, 930px\" \/><\/figure>\n\n\n\n<hr class=\"wp-block-separator has-alpha-channel-opacity is-style-wide\"\/>\n\n\n\n<h3 class=\"wp-block-heading\">Um pouco sobre mim<\/h3>\n\n\n\n<p>Obrigado por dedicar um tempo para visitar meu site. Sinta-se \u00e0 vontade para explorar! <\/p>\n\n\n\n<p>Sou Stephen, um homem que vive e trabalha no Condado de Santa Cruz, na Calif\u00f3rnia. Mudan\u00e7a, diferen\u00e7a e possibilidades me inspiram profundamente. <\/p>\n\n\n\n<p>Comecei a trabalhar como coach ap\u00f3s concluir meu MBA com especializa\u00e7\u00e3o em Impacto Social e Desenvolvimento de Lideran\u00e7a. O jeito que algu\u00e9m lidera a si mesmo \u00e9 um caminho para entender como essa pessoa pode liderar outras nas suas vidas. E se as pessoas que eu acompanho conseguem ter vidas satisfat\u00f3rias, elas podem criar condi\u00e7\u00f5es mais satisfat\u00f3rias para as pessoas com quem trabalham e convivem.<\/p>\n\n\n\n<p>Trabalho com pessoas de todas as origens e priorizo \u200b\u200baquelas que se importam com desenvolvimento pessoal e\/ou justi\u00e7a social, que considero profundamente interligados. Portanto, se voc\u00ea est\u00e1 aqui para trabalhar em si mesmo ou na sua comunidade, provavelmente nos daremos bem (pelo menos na minha perspectiva). Minha cidade favorita no mundo \u00e9 o Rio de Janeiro, onde conheci minha parceira e m\u00e3e dos nossos filhos. Minha cor favorita \u00e9 a do amanhecer e a do por do sol. Nos fins de semana, voc\u00ea pode me encontrar na praia, na floresta, ou na cozinha.<\/p>\n\n\n\n<div class=\"wp-block-buttons is-layout-flex wp-block-buttons-is-layout-flex\">\n<div class=\"wp-block-button\"><a class=\"wp-block-button__link has-background wp-element-button\" href=\"http:\/\/bambc.biz\/wordpress\/pt\/credenciais-e-meritos\" style=\"background-color:#b8234b\">Saiba mais sobre as qualifica\u00e7\u00f5es e m\u00e9ritos do Stephen aqui<\/a><\/div>\n<\/div>\n\n\n\n<hr class=\"wp-block-separator has-alpha-channel-opacity is-style-wide\"\/>\n\n\n\n<p><\/p>\n\n\n\n<p>&#8220;Me diga, o que \u00e9 que voc\u00ea deseja fazer<\/p>\n\n\n\n<p>com sua vida \u00fanica, preciosa, e selvagem?&#8221;<\/p>\n\n\n\n<p>-Mary Oliver, <em>The summer day<\/em><\/p>\n\n\n\n<figure class=\"wp-block-image size-large\"><img loading=\"lazy\" decoding=\"async\" width=\"1024\" height=\"768\" src=\"https:\/\/bambc.biz\/wordpress\/wp-content\/uploads\/2025\/01\/Ocean-sunset-image-1024x768.jpg\" alt=\"This is a picture of the ocean at dusk, with the moon and the planet Venus in the sky. Its purpose is to show some of the colors of dusk which the somatic coach likes, and offer the reader a pause for reflection with an aesthetically pleasing image.\" class=\"wp-image-147\" srcset=\"https:\/\/bambc.biz\/wordpress\/wp-content\/uploads\/2025\/01\/Ocean-sunset-image-1024x768.jpg 1024w, https:\/\/bambc.biz\/wordpress\/wp-content\/uploads\/2025\/01\/Ocean-sunset-image-300x225.jpg 300w, https:\/\/bambc.biz\/wordpress\/wp-content\/uploads\/2025\/01\/Ocean-sunset-image-768x576.jpg 768w, https:\/\/bambc.biz\/wordpress\/wp-content\/uploads\/2025\/01\/Ocean-sunset-image-1536x1152.jpg 1536w, https:\/\/bambc.biz\/wordpress\/wp-content\/uploads\/2025\/01\/Ocean-sunset-image-600x450.jpg 600w, https:\/\/bambc.biz\/wordpress\/wp-content\/uploads\/2025\/01\/Ocean-sunset-image.jpg 2016w\" sizes=\"auto, (max-width: 1024px) 100vw, 1024px\" \/><\/figure>\n\n\n\n<hr class=\"wp-block-separator has-alpha-channel-opacity is-style-wide\"\/>\n\n\n\n<h4 class=\"wp-block-heading\">Perguntas? Por favor preencha o formul\u00e1rio abaixo ou clique em <a href=\"https:\/\/bambc.biz\/sobre\/\"><strong>Sobre<\/strong><\/a><strong> ou <\/strong><a href=\"https:\/\/bambc.biz\/wordpress\/pt\/perguntas-frequentes\/\"><strong>Perguntas Frequentes<\/strong><\/a><\/h4>\n\n\n\n<div class=\"wp-block-buttons is-layout-flex wp-block-buttons-is-layout-flex\">\n<div class=\"wp-block-button\"><a class=\"wp-block-button__link has-background wp-element-button\" href=\"http:\/\/calendly.com\/bambc\" style=\"background-color:#2baf28\">Agende uma consulta gr\u00e1tis aqui<\/a><\/div>\n<\/div>\n\n\n<div class=\"wp-block-jetpack-contact-form is-layout-flex wp-container-jetpack-contact-form-is-layout-b7ed9015 wp-block-jetpack-contact-form-is-layout-flex\"><a href=\"https:\/\/bambc.biz\/wordpress\/pt\/\" target=\"_blank\" rel=\"noopener noreferrer\">Submit a form.<\/a><\/div>\n\n\n<hr class=\"wp-block-separator has-alpha-channel-opacity is-style-wide\"\/>\n\n\n\n<p>Ainda n\u00e3o decidiu? Eis alguns recursos gratuitos para voc\u00ea ter uma ideia do coaching som\u00e1tico.:<\/p>\n\n\n\n<div class=\"wp-block-buttons is-layout-flex wp-block-buttons-is-layout-flex\">\n<div class=\"wp-block-button is-style-outline is-style-outline--1\"><a class=\"wp-block-button__link has-background wp-element-button\" href=\"https:\/\/palousemindfulness.com\/meditations\/bodyscan.html\" style=\"background-color:#e48d13\">Medita\u00e7\u00e3o de escaneamento corporal de 32 e 20 minutos para desenvolver a percep\u00e7\u00e3o som\u00e1tica (tem em Portugu\u00eas sim!)<\/a><\/div>\n<\/div>\n\n\n\n<p><em>De palousemindfulness.com curso MBSR de 8 semanas<\/em><\/p>\n\n\n\n<div class=\"wp-block-buttons is-layout-flex wp-block-buttons-is-layout-flex\">\n<div class=\"wp-block-button is-style-outline is-style-outline--2\"><a class=\"wp-block-button__link has-background wp-element-button\" href=\"https:\/\/strozziinstitute.com\/online-leadership-dojo-archive\/\" style=\"background-color:#e48d13\">Grava\u00e7\u00f5es em v\u00eddeo da pr\u00e1tica som\u00e1tica do grupo Strozzi no dojo comunit\u00e1rio (somente ingl\u00eas)<\/a><\/div>\n\n\n\n<div class=\"wp-block-button is-style-outline is-style-outline--3\"><a class=\"wp-block-button__link has-background wp-element-button\" href=\"https:\/\/strozziinstitute.org\/7-days-of-embodied-living-with-richard-strozzi-heckler\/?utm_source=Stephen+Peterson&amp;utm_campaign=Alumni+Referrals\" style=\"background-color:#e48d13\">7 <em>Dias de viv\u00eancia som\u00e1tic<\/em>o<em>: Seu corpo como um portal<\/em> (somente ingl\u00eas)<\/a><\/div>\n<\/div>\n\n\n\n<p class=\"has-text-align-center\"><\/p>\n\n\n\n<p class=\"has-text-align-center\">Uma s\u00e9rie de v\u00eddeos gratuita com Richard Strozzi-Heckler Desbloqueie o potencial inexplorado da sabedoria do seu corpo para transformar sua vida. Aprenda t\u00e9cnicas pr\u00e1ticas de conex\u00e3o corporal para aprimorar suas conex\u00f5es pessoais e profissionais. Crie uma vida sustent\u00e1vel e socialmente respons\u00e1vel, alinhada aos seus valores.<\/p>\n\n\n\n<p><\/p>\n\n\n\n<p>Recomenda\u00e7\u00f5es de livros (somente ingl\u00eas)<\/p>\n\n\n\n<div class=\"wp-block-buttons is-layout-flex wp-block-buttons-is-layout-flex\">\n<div class=\"wp-block-button is-style-outline is-style-outline--4\"><a class=\"wp-block-button__link has-background wp-element-button\" href=\"https:\/\/bookshop.org\/p\/books\/your-body-is-your-brain-leverage-your-somatic-intelligence-to-find-purpose-build-resilience-deepen-relationships-and-lead-more-powerfully-amanda-blake\/10032292?ean=9780999368107\" style=\"background-color:#eb5e5e\">Your Body is Your Brain by Amanda Blake<\/a><\/div>\n\n\n\n<div class=\"wp-block-button is-style-outline is-style-outline--5\"><a class=\"wp-block-button__link has-background wp-element-button\" href=\"https:\/\/bookshop.org\/p\/books\/the-politics-of-trauma-somatics-healing-and-social-justice-staci-haines\/9563705?ean=9781623173876\" style=\"background-color:#eb5e5e\">The Politics of Trauma by Staci K. Haines<\/a><\/div>\n\n\n\n<div class=\"wp-block-button is-style-outline is-style-outline--6\"><a class=\"wp-block-button__link has-background wp-element-button\" href=\"https:\/\/bookshop.org\/p\/books\/the-leadership-dojo-build-your-foundation-as-an-exemplary-leader-richard-strozzi-heckler\/580188?ean=9781583942017\" style=\"background-color:#eb5e5e\">The Leadership Dojo by Richard Strozzi-Heckler<\/a><\/div>\n<\/div>\n\n\n\n<p>Empoderando pessoas para realizar seus sonhos<\/p>\n\n\n\n<p>Qual \u00e9 o seu sonho?<\/p>\n\n\n\n<hr class=\"wp-block-separator has-alpha-channel-opacity\"\/>\n\n\n\n<div class=\"wp-block-buttons is-layout-flex wp-block-buttons-is-layout-flex\">\n<div class=\"wp-block-button\"><a class=\"wp-block-button__link has-background wp-element-button\" href=\"http:\/\/calendly.com\/bambc\" style=\"background-color:#2baf28\">Agende uma consulta gr\u00e1tis aqui<\/a><\/div>\n<\/div>\n\n\n\n<div class=\"wp-block-buttons is-layout-flex wp-block-buttons-is-layout-flex\">\n<div class=\"wp-block-button\"><a class=\"wp-block-button__link has-background wp-element-button\" href=\"https:\/\/bambc.biz\/wordpress\/pt\/sobre\/\" style=\"background-color:#a6004b\">Aprenda mais sobre coaching som\u00e1tico aqui<\/a><\/div>\n<\/div>\n\n\n\n<div class=\"wp-block-buttons is-layout-flex wp-block-buttons-is-layout-flex\">\n<div class=\"wp-block-button\"><a class=\"wp-block-button__link has-accent-3-background-color has-background wp-element-button\" href=\"https:\/\/bambc.biz\/wordpress\/pt\/servicos\/\">Aprenda mais sobre meus servi\u00e7os aqui<\/a><\/div>\n<\/div>\n\n\n\n<p><\/p>\n","protected":false},"excerpt":{"rendered":"<p>Coaching som\u00e1tico para a vida, lideran\u00e7a e neg\u00f3cios Enpoderando pessoas para realizar seus sonhos Qual o seu sonho? Testemunho de cliente Estou me dedicando mais \u00e0 autocompaix\u00e3o do que estava antes e tamb\u00e9m estou mais confiante na minha capacidade de buscar solu\u00e7\u00f5es dentro de mim. O Stephen \u00e9 um coach fant\u00e1stico que cria um espa\u00e7o [&hellip;]<\/p>\n","protected":false},"author":1,"featured_media":445,"parent":0,"menu_order":0,"comment_status":"closed","ping_status":"closed","template":"","meta":{"footnotes":""},"class_list":["post-403","page","type-page","status-publish","has-post-thumbnail","hentry"],"yoast_head":"<!-- This site is optimized with the Yoast SEO plugin v27.4 - https:\/\/yoast.com\/product\/yoast-seo-wordpress\/ -->\n<title>Body and Mind Based Coaching - BAMBC - Body and Mind Based Coaching<\/title>\n<meta name=\"description\" content=\"Coaching som\u00e1tico para vida, lideran\u00e7a e neg\u00f3cios. Coaching baseado em corpo e mente de Strozzi Institute for Somatics. Em Santa Cruz &amp; no Zoom\" \/>\n<meta name=\"robots\" content=\"index, follow, max-snippet:-1, max-image-preview:large, max-video-preview:-1\" \/>\n<link rel=\"canonical\" href=\"https:\/\/bambc.biz\/wordpress\/pt\/\" \/>\n<meta property=\"og:locale\" content=\"en_US\" \/>\n<meta property=\"og:type\" content=\"article\" \/>\n<meta property=\"og:title\" content=\"Body and Mind Based Coaching - BAMBC - Body and Mind Based Coaching\" \/>\n<meta property=\"og:description\" content=\"Coaching som\u00e1tico para vida, lideran\u00e7a e neg\u00f3cios. Coaching baseado em corpo e mente de Strozzi Institute for Somatics. Em Santa Cruz &amp; no Zoom\" \/>\n<meta property=\"og:url\" content=\"https:\/\/bambc.biz\/wordpress\/pt\/\" \/>\n<meta property=\"og:site_name\" content=\"BAMBC - Body and Mind Based Coaching\" \/>\n<meta property=\"article:modified_time\" content=\"2026-03-07T05:54:23+00:00\" \/>\n<meta property=\"og:image\" content=\"https:\/\/bambc.biz\/wordpress\/wp-content\/uploads\/2026\/03\/brand-high-res.png\" \/>\n\t<meta property=\"og:image:width\" content=\"1024\" \/>\n\t<meta property=\"og:image:height\" content=\"1024\" \/>\n\t<meta property=\"og:image:type\" content=\"image\/png\" \/>\n<meta name=\"twitter:card\" content=\"summary_large_image\" \/>\n<meta name=\"twitter:label1\" content=\"Est. reading time\" \/>\n\t<meta name=\"twitter:data1\" content=\"3 minutes\" \/>\n<script type=\"application\/ld+json\" class=\"yoast-schema-graph\">{\"@context\":\"https:\\\/\\\/schema.org\",\"@graph\":[{\"@type\":\"WebPage\",\"@id\":\"https:\\\/\\\/bambc.biz\\\/wordpress\\\/pt\\\/\",\"url\":\"https:\\\/\\\/bambc.biz\\\/wordpress\\\/pt\\\/\",\"name\":\"Body and Mind Based Coaching - BAMBC - Body and Mind Based Coaching\",\"isPartOf\":{\"@id\":\"https:\\\/\\\/bambc.biz\\\/wordpress\\\/#website\"},\"primaryImageOfPage\":{\"@id\":\"https:\\\/\\\/bambc.biz\\\/wordpress\\\/pt\\\/#primaryimage\"},\"image\":{\"@id\":\"https:\\\/\\\/bambc.biz\\\/wordpress\\\/pt\\\/#primaryimage\"},\"thumbnailUrl\":\"https:\\\/\\\/bambc.biz\\\/wordpress\\\/wp-content\\\/uploads\\\/2026\\\/03\\\/brand-high-res.png\",\"datePublished\":\"2025-12-17T03:13:19+00:00\",\"dateModified\":\"2026-03-07T05:54:23+00:00\",\"description\":\"Coaching som\u00e1tico para vida, lideran\u00e7a e neg\u00f3cios. Coaching baseado em corpo e mente de Strozzi Institute for Somatics. Em Santa Cruz & no Zoom\",\"breadcrumb\":{\"@id\":\"https:\\\/\\\/bambc.biz\\\/wordpress\\\/pt\\\/#breadcrumb\"},\"inLanguage\":\"en-US\",\"potentialAction\":[{\"@type\":\"ReadAction\",\"target\":[\"https:\\\/\\\/bambc.biz\\\/wordpress\\\/pt\\\/\"]}]},{\"@type\":\"ImageObject\",\"inLanguage\":\"en-US\",\"@id\":\"https:\\\/\\\/bambc.biz\\\/wordpress\\\/pt\\\/#primaryimage\",\"url\":\"https:\\\/\\\/bambc.biz\\\/wordpress\\\/wp-content\\\/uploads\\\/2026\\\/03\\\/brand-high-res.png\",\"contentUrl\":\"https:\\\/\\\/bambc.biz\\\/wordpress\\\/wp-content\\\/uploads\\\/2026\\\/03\\\/brand-high-res.png\",\"width\":1024,\"height\":1024},{\"@type\":\"BreadcrumbList\",\"@id\":\"https:\\\/\\\/bambc.biz\\\/wordpress\\\/pt\\\/#breadcrumb\",\"itemListElement\":[{\"@type\":\"ListItem\",\"position\":1,\"name\":\"Home\",\"item\":\"https:\\\/\\\/bambc.biz\\\/wordpress\\\/\"},{\"@type\":\"ListItem\",\"position\":2,\"name\":\"Body and Mind Based Coaching\"}]},{\"@type\":\"WebSite\",\"@id\":\"https:\\\/\\\/bambc.biz\\\/wordpress\\\/#website\",\"url\":\"https:\\\/\\\/bambc.biz\\\/wordpress\\\/\",\"name\":\"BAMBC - Body and Mind Based Coaching\",\"description\":\"Somatic coaching for leadership, life, and business\",\"potentialAction\":[{\"@type\":\"SearchAction\",\"target\":{\"@type\":\"EntryPoint\",\"urlTemplate\":\"https:\\\/\\\/bambc.biz\\\/wordpress\\\/?s={search_term_string}\"},\"query-input\":{\"@type\":\"PropertyValueSpecification\",\"valueRequired\":true,\"valueName\":\"search_term_string\"}}],\"inLanguage\":\"en-US\"}]}<\/script>\n<!-- \/ Yoast SEO plugin. -->","yoast_head_json":{"title":"Body and Mind Based Coaching - BAMBC - Body and Mind Based Coaching","description":"Coaching som\u00e1tico para vida, lideran\u00e7a e neg\u00f3cios. Coaching baseado em corpo e mente de Strozzi Institute for Somatics. Em Santa Cruz & no Zoom","robots":{"index":"index","follow":"follow","max-snippet":"max-snippet:-1","max-image-preview":"max-image-preview:large","max-video-preview":"max-video-preview:-1"},"canonical":"https:\/\/bambc.biz\/wordpress\/pt\/","og_locale":"en_US","og_type":"article","og_title":"Body and Mind Based Coaching - BAMBC - Body and Mind Based Coaching","og_description":"Coaching som\u00e1tico para vida, lideran\u00e7a e neg\u00f3cios. Coaching baseado em corpo e mente de Strozzi Institute for Somatics. Em Santa Cruz & no Zoom","og_url":"https:\/\/bambc.biz\/wordpress\/pt\/","og_site_name":"BAMBC - Body and Mind Based Coaching","article_modified_time":"2026-03-07T05:54:23+00:00","og_image":[{"width":1024,"height":1024,"url":"https:\/\/bambc.biz\/wordpress\/wp-content\/uploads\/2026\/03\/brand-high-res.png","type":"image\/png"}],"twitter_card":"summary_large_image","twitter_misc":{"Est. reading time":"3 minutes"},"schema":{"@context":"https:\/\/schema.org","@graph":[{"@type":"WebPage","@id":"https:\/\/bambc.biz\/wordpress\/pt\/","url":"https:\/\/bambc.biz\/wordpress\/pt\/","name":"Body and Mind Based Coaching - BAMBC - Body and Mind Based Coaching","isPartOf":{"@id":"https:\/\/bambc.biz\/wordpress\/#website"},"primaryImageOfPage":{"@id":"https:\/\/bambc.biz\/wordpress\/pt\/#primaryimage"},"image":{"@id":"https:\/\/bambc.biz\/wordpress\/pt\/#primaryimage"},"thumbnailUrl":"https:\/\/bambc.biz\/wordpress\/wp-content\/uploads\/2026\/03\/brand-high-res.png","datePublished":"2025-12-17T03:13:19+00:00","dateModified":"2026-03-07T05:54:23+00:00","description":"Coaching som\u00e1tico para vida, lideran\u00e7a e neg\u00f3cios. Coaching baseado em corpo e mente de Strozzi Institute for Somatics. Em Santa Cruz & no Zoom","breadcrumb":{"@id":"https:\/\/bambc.biz\/wordpress\/pt\/#breadcrumb"},"inLanguage":"en-US","potentialAction":[{"@type":"ReadAction","target":["https:\/\/bambc.biz\/wordpress\/pt\/"]}]},{"@type":"ImageObject","inLanguage":"en-US","@id":"https:\/\/bambc.biz\/wordpress\/pt\/#primaryimage","url":"https:\/\/bambc.biz\/wordpress\/wp-content\/uploads\/2026\/03\/brand-high-res.png","contentUrl":"https:\/\/bambc.biz\/wordpress\/wp-content\/uploads\/2026\/03\/brand-high-res.png","width":1024,"height":1024},{"@type":"BreadcrumbList","@id":"https:\/\/bambc.biz\/wordpress\/pt\/#breadcrumb","itemListElement":[{"@type":"ListItem","position":1,"name":"Home","item":"https:\/\/bambc.biz\/wordpress\/"},{"@type":"ListItem","position":2,"name":"Body and Mind Based Coaching"}]},{"@type":"WebSite","@id":"https:\/\/bambc.biz\/wordpress\/#website","url":"https:\/\/bambc.biz\/wordpress\/","name":"BAMBC - Body and Mind Based Coaching","description":"Somatic coaching for leadership, life, and business","potentialAction":[{"@type":"SearchAction","target":{"@type":"EntryPoint","urlTemplate":"https:\/\/bambc.biz\/wordpress\/?s={search_term_string}"},"query-input":{"@type":"PropertyValueSpecification","valueRequired":true,"valueName":"search_term_string"}}],"inLanguage":"en-US"}]}},"jetpack_sharing_enabled":true,"_links":{"self":[{"href":"https:\/\/bambc.biz\/wordpress\/wp-json\/wp\/v2\/pages\/403","targetHints":{"allow":["GET"]}}],"collection":[{"href":"https:\/\/bambc.biz\/wordpress\/wp-json\/wp\/v2\/pages"}],"about":[{"href":"https:\/\/bambc.biz\/wordpress\/wp-json\/wp\/v2\/types\/page"}],"author":[{"embeddable":true,"href":"https:\/\/bambc.biz\/wordpress\/wp-json\/wp\/v2\/users\/1"}],"replies":[{"embeddable":true,"href":"https:\/\/bambc.biz\/wordpress\/wp-json\/wp\/v2\/comments?post=403"}],"version-history":[{"count":15,"href":"https:\/\/bambc.biz\/wordpress\/wp-json\/wp\/v2\/pages\/403\/revisions"}],"predecessor-version":[{"id":513,"href":"https:\/\/bambc.biz\/wordpress\/wp-json\/wp\/v2\/pages\/403\/revisions\/513"}],"wp:featuredmedia":[{"embeddable":true,"href":"https:\/\/bambc.biz\/wordpress\/wp-json\/wp\/v2\/media\/445"}],"wp:attachment":[{"href":"https:\/\/bambc.biz\/wordpress\/wp-json\/wp\/v2\/media?parent=403"}],"curies":[{"name":"wp","href":"https:\/\/api.w.org\/{rel}","templated":true}]}}